{"id":8,"date":"2021-08-11T07:24:32","date_gmt":"2021-08-11T07:24:32","guid":{"rendered":"https:\/\/carmengsomavilla.com\/?page_id=8"},"modified":"2023-02-02T20:22:03","modified_gmt":"2023-02-02T20:22:03","slug":"contacto","status":"publish","type":"page","link":"https:\/\/carmengsomavilla.com\/index.php\/contacto\/","title":{"rendered":"Contacto"},"content":{"rendered":"\t\t<div data-elementor-type=\"wp-page\" data-elementor-id=\"8\" class=\"elementor elementor-8\">\n\t\t\t\t\t\t<section class=\"elementor-section elementor-top-section elementor-element elementor-element-4d93ba97 elementor-hidden-tablet elementor-hidden-mobile elementor-section-boxed elementor-section-height-default elementor-section-height-default\" data-id=\"4d93ba97\" data-element_type=\"section\">\n\t\t\t\t\t\t<div class=\"elementor-container elementor-column-gap-default\">\n\t\t\t\t\t<div class=\"elementor-column elementor-col-33 elementor-top-column elementor-element elementor-element-325b71ea\" data-id=\"325b71ea\" data-element_type=\"column\">\n\t\t\t<div class=\"elementor-widget-wrap elementor-element-populated\">\n\t\t\t\t\t\t<div class=\"elementor-element elementor-element-e9c73c4 elementor-widget elementor-widget-image\" data-id=\"e9c73c4\" data-element_type=\"widget\" data-widget_type=\"image.default\">\n\t\t\t\t<div class=\"elementor-widget-container\">\n\t\t\t<style>\/*! elementor - v3.20.0 - 20-03-2024 *\/\n.elementor-widget-image{text-align:center}.elementor-widget-image a{display:inline-block}.elementor-widget-image a img[src$=\".svg\"]{width:48px}.elementor-widget-image img{vertical-align:middle;display:inline-block}<\/style>\t\t\t\t\t\t\t\t\t\t<img fetchpriority=\"high\" decoding=\"async\" width=\"231\" height=\"300\" src=\"https:\/\/carmengsomavilla.com\/wp-content\/uploads\/2022\/07\/inicio1-231x300.jpg\" class=\"attachment-medium size-medium wp-image-1337\" alt=\"\" srcset=\"https:\/\/carmengsomavilla.com\/wp-content\/uploads\/2022\/07\/inicio1-231x300.jpg 231w, https:\/\/carmengsomavilla.com\/wp-content\/uploads\/2022\/07\/inicio1-788x1024.jpg 788w, https:\/\/carmengsomavilla.com\/wp-content\/uploads\/2022\/07\/inicio1-768x998.jpg 768w, https:\/\/carmengsomavilla.com\/wp-content\/uploads\/2022\/07\/inicio1-1182x1536.jpg 1182w, https:\/\/carmengsomavilla.com\/wp-content\/uploads\/2022\/07\/inicio1-e1658789830408.jpg 600w\" sizes=\"(max-width: 231px) 100vw, 231px\" \/>\t\t\t\t\t\t\t\t\t\t\t\t\t<\/div>\n\t\t\t\t<\/div>\n\t\t\t\t\t<\/div>\n\t\t<\/div>\n\t\t\t\t<div class=\"elementor-column elementor-col-66 elementor-top-column elementor-element elementor-element-1c55067\" data-id=\"1c55067\" data-element_type=\"column\">\n\t\t\t<div class=\"elementor-widget-wrap elementor-element-populated\">\n\t\t\t\t\t\t<div class=\"elementor-element elementor-element-7308821 elementor-widget elementor-widget-text-editor\" data-id=\"7308821\" data-element_type=\"widget\" data-widget_type=\"text-editor.default\">\n\t\t\t\t<div class=\"elementor-widget-container\">\n\t\t\t<style>\/*! elementor - v3.20.0 - 20-03-2024 *\/\n.elementor-widget-text-editor.elementor-drop-cap-view-stacked .elementor-drop-cap{background-color:#69727d;color:#fff}.elementor-widget-text-editor.elementor-drop-cap-view-framed .elementor-drop-cap{color:#69727d;border:3px solid;background-color:transparent}.elementor-widget-text-editor:not(.elementor-drop-cap-view-default) .elementor-drop-cap{margin-top:8px}.elementor-widget-text-editor:not(.elementor-drop-cap-view-default) .elementor-drop-cap-letter{width:1em;height:1em}.elementor-widget-text-editor .elementor-drop-cap{float:left;text-align:center;line-height:1;font-size:50px}.elementor-widget-text-editor .elementor-drop-cap-letter{display:inline-block}<\/style>\t\t\t\t<p>\u00bfTe ha gustado?<\/p><p>Puedo ayudarte en proyectos de <strong>dise\u00f1o<\/strong> editorial, dise\u00f1o publicitario desarrollo de identidad, contenidos para redes sociales y web.<\/p><p>Tambi\u00e9n te puedo ayudar si lo que necesitas es un trabajo de <strong>ilustraci\u00f3n<\/strong>: digital y tradicional, impresa o pintada.<\/p><p>Puedes ponerte en contacto conmigo a trav\u00e9s de mi correo:<\/p><p><strong>hola@carmengsomavilla.com<\/strong><\/p>\t\t\t\t\t\t<\/div>\n\t\t\t\t<\/div>\n\t\t\t\t\t<\/div>\n\t\t<\/div>\n\t\t\t\t\t<\/div>\n\t\t<\/section>\n\t\t\t\t<section class=\"elementor-section elementor-top-section elementor-element elementor-element-e9e1ab0 elementor-hidden-desktop elementor-hidden-mobile elementor-section-boxed elementor-section-height-default elementor-section-height-default\" data-id=\"e9e1ab0\" data-element_type=\"section\">\n\t\t\t\t\t\t<div class=\"elementor-container elementor-column-gap-default\">\n\t\t\t\t\t<div class=\"elementor-column elementor-col-33 elementor-top-column elementor-element elementor-element-386137c\" data-id=\"386137c\" data-element_type=\"column\">\n\t\t\t<div class=\"elementor-widget-wrap elementor-element-populated\">\n\t\t\t\t\t\t<div class=\"elementor-element elementor-element-af333cf elementor-widget elementor-widget-image\" data-id=\"af333cf\" data-element_type=\"widget\" data-widget_type=\"image.default\">\n\t\t\t\t<div class=\"elementor-widget-container\">\n\t\t\t\t\t\t\t\t\t\t\t\t\t<img fetchpriority=\"high\" decoding=\"async\" width=\"231\" height=\"300\" src=\"https:\/\/carmengsomavilla.com\/wp-content\/uploads\/2022\/07\/inicio1-231x300.jpg\" class=\"attachment-medium size-medium wp-image-1337\" alt=\"\" srcset=\"https:\/\/carmengsomavilla.com\/wp-content\/uploads\/2022\/07\/inicio1-231x300.jpg 231w, https:\/\/carmengsomavilla.com\/wp-content\/uploads\/2022\/07\/inicio1-788x1024.jpg 788w, https:\/\/carmengsomavilla.com\/wp-content\/uploads\/2022\/07\/inicio1-768x998.jpg 768w, https:\/\/carmengsomavilla.com\/wp-content\/uploads\/2022\/07\/inicio1-1182x1536.jpg 1182w, https:\/\/carmengsomavilla.com\/wp-content\/uploads\/2022\/07\/inicio1-e1658789830408.jpg 600w\" sizes=\"(max-width: 231px) 100vw, 231px\" \/>\t\t\t\t\t\t\t\t\t\t\t\t\t<\/div>\n\t\t\t\t<\/div>\n\t\t\t\t\t<\/div>\n\t\t<\/div>\n\t\t\t\t<div class=\"elementor-column elementor-col-66 elementor-top-column elementor-element elementor-element-ae28307\" data-id=\"ae28307\" data-element_type=\"column\">\n\t\t\t<div class=\"elementor-widget-wrap elementor-element-populated\">\n\t\t\t\t\t\t<div class=\"elementor-element elementor-element-3b7bf87 elementor-widget elementor-widget-text-editor\" data-id=\"3b7bf87\" data-element_type=\"widget\" data-widget_type=\"text-editor.default\">\n\t\t\t\t<div class=\"elementor-widget-container\">\n\t\t\t\t\t\t\t<p>\u00bfTe ha gustado?<\/p><p>Puedo ayudarte en proyectos de <strong>dise\u00f1o<\/strong> editorial, dise\u00f1o publicitario desarrollo de identidad, contenidos para redes sociales y web.<\/p><p>Tambi\u00e9n te puedo ayudar si lo que necesitas es un trabajo de <strong>ilustraci\u00f3n<\/strong>: digital y tradicional, impresa o pintada.<\/p><p>Puedes ponerte en contacto conmigo a trav\u00e9s de mi correo:<\/p><p><strong>hola@carmengsomavilla.com<\/strong><\/p>\t\t\t\t\t\t<\/div>\n\t\t\t\t<\/div>\n\t\t\t\t\t<\/div>\n\t\t<\/div>\n\t\t\t\t\t<\/div>\n\t\t<\/section>\n\t\t\t\t<section class=\"elementor-section elementor-top-section elementor-element elementor-element-619974e elementor-hidden-desktop elementor-hidden-tablet elementor-section-boxed elementor-section-height-default elementor-section-height-default\" data-id=\"619974e\" data-element_type=\"section\">\n\t\t\t\t\t\t<div class=\"elementor-container elementor-column-gap-default\">\n\t\t\t\t\t<div class=\"elementor-column elementor-col-33 elementor-top-column elementor-element elementor-element-e559855\" data-id=\"e559855\" data-element_type=\"column\">\n\t\t\t<div class=\"elementor-widget-wrap elementor-element-populated\">\n\t\t\t\t\t\t<div class=\"elementor-element elementor-element-aa5f2a5 elementor-widget elementor-widget-image\" data-id=\"aa5f2a5\" data-element_type=\"widget\" data-widget_type=\"image.default\">\n\t\t\t\t<div class=\"elementor-widget-container\">\n\t\t\t\t\t\t\t\t\t\t\t\t\t<img fetchpriority=\"high\" decoding=\"async\" width=\"231\" height=\"300\" src=\"https:\/\/carmengsomavilla.com\/wp-content\/uploads\/2022\/07\/inicio1-231x300.jpg\" class=\"attachment-medium size-medium wp-image-1337\" alt=\"\" srcset=\"https:\/\/carmengsomavilla.com\/wp-content\/uploads\/2022\/07\/inicio1-231x300.jpg 231w, https:\/\/carmengsomavilla.com\/wp-content\/uploads\/2022\/07\/inicio1-788x1024.jpg 788w, https:\/\/carmengsomavilla.com\/wp-content\/uploads\/2022\/07\/inicio1-768x998.jpg 768w, https:\/\/carmengsomavilla.com\/wp-content\/uploads\/2022\/07\/inicio1-1182x1536.jpg 1182w, https:\/\/carmengsomavilla.com\/wp-content\/uploads\/2022\/07\/inicio1-e1658789830408.jpg 600w\" sizes=\"(max-width: 231px) 100vw, 231px\" \/>\t\t\t\t\t\t\t\t\t\t\t\t\t<\/div>\n\t\t\t\t<\/div>\n\t\t\t\t\t<\/div>\n\t\t<\/div>\n\t\t\t\t<div class=\"elementor-column elementor-col-66 elementor-top-column elementor-element elementor-element-c4ef5b1\" data-id=\"c4ef5b1\" data-element_type=\"column\">\n\t\t\t<div class=\"elementor-widget-wrap elementor-element-populated\">\n\t\t\t\t\t\t<div class=\"elementor-element elementor-element-b6276fb elementor-widget elementor-widget-text-editor\" data-id=\"b6276fb\" data-element_type=\"widget\" data-widget_type=\"text-editor.default\">\n\t\t\t\t<div class=\"elementor-widget-container\">\n\t\t\t\t\t\t\t<p style=\"text-align: center;\">\u00bfTe ha gustado?<\/p><p style=\"text-align: center;\">Puedo ayudarte en proyectos de <strong>dise\u00f1o<\/strong> editorial, dise\u00f1o publicitario desarrollo de identidad, contenidos para redes sociales y web.<\/p><p style=\"text-align: center;\">Tambi\u00e9n te puedo ayudar si lo que necesitas es unun trabajo de <strong>ilustraci\u00f3n<\/strong>: digital y tradicional, impresa o pintada.<\/p><p style=\"text-align: center;\">Puedes ponerte en contacto conmigo a trav\u00e9s de mi correo:<\/p><p style=\"text-align: center;\"><strong>hola@carmengsomavilla.com<\/strong><\/p>\t\t\t\t\t\t<\/div>\n\t\t\t\t<\/div>\n\t\t\t\t\t<\/div>\n\t\t<\/div>\n\t\t\t\t\t<\/div>\n\t\t<\/section>\n\t\t\t\t<\/div>\n\t\t","protected":false},"excerpt":{"rendered":"<p>\u00bfTe ha gustado? Puedo ayudarte en proyectos de dise\u00f1o editorial, dise\u00f1o publicitario desarrollo de identidad, contenidos para redes sociales y web. Tambi\u00e9n te puedo ayudar si lo que necesitas es un trabajo de ilustraci\u00f3n: digital y tradicional, impresa o pintada. Puedes ponerte en contacto conmigo a trav\u00e9s de mi correo: hola@carmengsomavilla.com \u00bfTe ha gustado? Puedo &hellip;<\/p>\n<p class=\"read-more\"> <a class=\"\" href=\"https:\/\/carmengsomavilla.com\/index.php\/contacto\/\"> <span class=\"screen-reader-text\">Contacto<\/span> Leer m\u00e1s &raquo;<\/a><\/p>\n","protected":false},"author":1,"featured_media":0,"parent":0,"menu_order":0,"comment_status":"closed","ping_status":"closed","template":"elementor_header_footer","meta":{"om_disable_all_campaigns":false,"_monsterinsights_skip_tracking":false,"_monsterinsights_sitenote_active":false,"_monsterinsights_sitenote_note":"","_monsterinsights_sitenote_category":0,"site-sidebar-layout":"default","site-content-layout":"default","ast-main-header-display":"","ast-hfb-above-header-display":"","ast-hfb-below-header-display":"","ast-hfb-mobile-header-display":"","site-post-title":"","ast-breadcrumbs-content":"","ast-featured-img":"","footer-sml-layout":"","theme-transparent-header-meta":"","adv-header-id-meta":"","stick-header-meta":"","header-above-stick-meta":"","header-main-stick-meta":"","header-below-stick-meta":"","footnotes":""},"aioseo_notices":[],"_links":{"self":[{"href":"https:\/\/carmengsomavilla.com\/index.php\/wp-json\/wp\/v2\/pages\/8"}],"collection":[{"href":"https:\/\/carmengsomavilla.com\/index.php\/wp-json\/wp\/v2\/pages"}],"about":[{"href":"https:\/\/carmengsomavilla.com\/index.php\/wp-json\/wp\/v2\/types\/page"}],"author":[{"embeddable":true,"href":"https:\/\/carmengsomavilla.com\/index.php\/wp-json\/wp\/v2\/users\/1"}],"replies":[{"embeddable":true,"href":"https:\/\/carmengsomavilla.com\/index.php\/wp-json\/wp\/v2\/comments?post=8"}],"version-history":[{"count":39,"href":"https:\/\/carmengsomavilla.com\/index.php\/wp-json\/wp\/v2\/pages\/8\/revisions"}],"predecessor-version":[{"id":2608,"href":"https:\/\/carmengsomavilla.com\/index.php\/wp-json\/wp\/v2\/pages\/8\/revisions\/2608"}],"wp:attachment":[{"href":"https:\/\/carmengsomavilla.com\/index.php\/wp-json\/wp\/v2\/media?parent=8"}],"curies":[{"name":"wp","href":"https:\/\/api.w.org\/{rel}","templated":true}]}}